{"id":27954,"date":"2021-08-06T10:47:43","date_gmt":"2021-08-06T08:47:43","guid":{"rendered":"https:\/\/thenaturalgem.com\/kundenstimmen\/"},"modified":"2021-08-27T12:46:44","modified_gmt":"2021-08-27T10:46:44","slug":"kundenstimmen","status":"publish","type":"page","link":"https:\/\/thenaturalgem.com\/en\/kundenstimmen\/","title":{"rendered":"<span>Customer Reviews<\/span>"},"content":{"rendered":"<div class=\"wpb-content-wrapper\"><p>[vc_row][vc_column][vc_column_text]<\/p>\n<p style=\"text-align: center;\">What our customers say about us:<\/p>\n<p>[\/vc_column_text][\/vc_column][\/vc_row][vc_row content_placement=&#8221;middle&#8221; css=&#8221;.vc_custom_1628239161107{margin-top: 20px !important;margin-bottom: 30px !important;}&#8221;][vc_column width=&#8221;1\/3&#8243;][vc_single_image image=&#8221;1010&#8243; img_size=&#8221;full&#8221; alignment=&#8221;center&#8221;][\/vc_column][vc_column width=&#8221;2\/3&#8243;][vc_column_text]<div id=\"google-business-reviews-rating\" class=\"google-business-reviews-rating gmbrr bubble narrow fonts\">\r\n<ul class=\"listing\">\r\n\t\t<li class=\"rating-5\" data-index=\"0\">\r\n\t\t\t<span class=\"author-avatar\"><a href=\"https:\/\/www.google.com\/maps\/contrib\/101620256438183208339\/reviews\" target=\"_blank\" rel=\"nofollow\"><img decoding=\"async\" src=\"https:\/\/lh3.googleusercontent.com\/a-\/ALV-UjVlB89p0RFbv0y7paQhaIqvLFMvQP9tkQIrdzvsN_-ujqAfUtE=s128-c0x00000000-cc-rp-mo-ba3\" alt=\"Avatar\"><\/a><\/span>\r\n\t\t\t<span class=\"review-meta\">\r\n\t\t\t\t<span class=\"author-name\"><a href=\"https:\/\/www.google.com\/maps\/contrib\/101620256438183208339\/reviews\" target=\"_blank\" rel=\"nofollow\">Christoph Meleschnig<\/a><\/span>\r\n\t\t\t\t<span class=\"rating\">\u2605\u2605\u2605\u2605\u2605<\/span>\r\n\t\t\t\t<span class=\"relative-time-description\">vor 2 Wochen<\/span>\r\n\t\t\t<\/span>\r\n\t\t\t<div class=\"text\">Die beste Adresse f\u00fcr Edelsteininvestments.<\/div>\r\n\t\t<\/li>\r\n\t<\/ul>\r\n<\/div>\r\n[\/vc_column_text][\/vc_column][\/vc_row][vc_row content_placement=&#8221;middle&#8221; css=&#8221;.vc_custom_1628239478676{margin-bottom: 30px !important;}&#8221;][vc_column width=&#8221;2\/3&#8243;][vc_column_text]<div id=\"google-business-reviews-rating-2\" class=\"google-business-reviews-rating gmbrr bubble narrow fonts\">\r\n<ul class=\"listing\">\r\n\t\t<li class=\"rating-5\" data-index=\"0\">\r\n\t\t\t<span class=\"author-avatar\"><a href=\"https:\/\/www.google.com\/maps\/contrib\/102307882845818234959\/reviews\" target=\"_blank\" rel=\"nofollow\"><img decoding=\"async\" src=\"https:\/\/lh3.googleusercontent.com\/a\/ACg8ocLnofnK27zdxJvKPgoM2IYxE6Bi4Vt5k222iEDwPow_Lqr2YA=s128-c0x00000000-cc-rp-mo\" alt=\"Avatar\"><\/a><\/span>\r\n\t\t\t<span class=\"review-meta\">\r\n\t\t\t\t<span class=\"author-name\"><a href=\"https:\/\/www.google.com\/maps\/contrib\/102307882845818234959\/reviews\" target=\"_blank\" rel=\"nofollow\">Tanja Tummer<\/a><\/span>\r\n\t\t\t\t<span class=\"rating\">\u2605\u2605\u2605\u2605\u2605<\/span>\r\n\t\t\t\t<span class=\"relative-time-description\">vor einem Monat<\/span>\r\n\t\t\t<\/span>\r\n\t\t\t<div class=\"text\">Wir haben uns entschieden, neben weiteren Anlagen, einen Teil in Edelsteine zu investieren. Am Anfang waren wir sehr skeptisch und haben uns von Herrn Ziegenfelder unverbindlich beraten lassen um ein Gef\u00fchl daf\u00fcr zu bekommen ob Edelsteine \u00fcberhaupt in Frage kommen. Nach 3 Terminen mit Herrn Ziegenfelder, haben wir dank ihm, eine tolle Auswahl gefunden und somit eine langfristige Wertanlage gefunden und nicht zuletzt dank der tollen Beratung sind wir sehr gl\u00fccklich und froh dar\u00fcber. Besonders imponiert, hat uns die &quot;viele&quot; Zeit die The Natural Gem und Herr Ziegenfelder f\u00fcr uns aufgewendet haben, wir f\u00fchlten uns \u00fcber den ganzen Prozess sehr gut aufgehoben und kommen gerne wieder sollte es sich ergeben. Vielen Dank an das gesamte Team von The Natural Gem.<\/div>\r\n\t\t<\/li>\r\n\t<\/ul>\r\n<\/div>\r\n[\/vc_column_text][\/vc_column][vc_column width=&#8221;1\/3&#8243;][vc_single_image image=&#8221;1005&#8243; img_size=&#8221;full&#8221; alignment=&#8221;center&#8221;][\/vc_column][\/vc_row][vc_row][vc_column width=&#8221;1\/2&#8243;][vc_btn title=&#8221;Alle Reviews lesen&#8221; align=&#8221;right&#8221; link=&#8221;url:https%3A%2F%2Fsearch.google.com%2Flocal%2Freviews%3Fplaceid%3DChIJx8Etv4oHbUcRsBfepAQnp5Q%20|title:Review%20schreiben&#8221;][\/vc_column][vc_column width=&#8221;1\/2&#8243;][vc_btn title=&#8221;Review Schreiben&#8221; align=&#8221;left&#8221; link=&#8221;url:https%3A%2F%2Fsearch.google.com%2Flocal%2Fwritereview%3Fplaceid%3DChIJx8Etv4oHbUcRsBfepAQnp5Q|title:Review%20schreiben&#8221;][\/vc_column][\/vc_row]<\/p>\n<\/div>","protected":false},"excerpt":{"rendered":"[vc_row][vc_column][vc_column_text] What our customers say about us: [\/vc_column_text][\/vc_column][\/vc_row][vc_row content_placement=\"middle\" css=\".vc_custom_1628239161107{margin-top: 20px !important;margin-bottom: 30px !important;}\"][vc_column width=\"1\/3\"][vc_single_image image=\"1010\" img_size=\"full\" alignment=\"center\"][\/vc_column][vc_column width=\"2\/3\"][vc_column_text] Christoph Meleschnig \u2605\u2605\u2605\u2605\u2605 vor 2 Wochen Die beste Adresse f\u00fcr Edelsteininvestments. [\/vc_column_text][\/vc_column][\/vc_row][vc_row content_placement=\"middle\" css=\".vc_custom_1628239478676{margin-bottom: 30px !important;}\"][vc_column width=\"2\/3\"][vc_column_text] Tanja Tummer \u2605\u2605\u2605\u2605\u2605 vor einem Monat Wir haben uns entschieden, neben weiteren Anlagen, einen Teil in Edelsteine zu investieren.","protected":false},"author":10,"featured_media":0,"parent":0,"menu_order":0,"comment_status":"closed","ping_status":"closed","template":"","meta":{"_acf_changed":false,"footnotes":""},"class_list":["post-27954","page","type-page","status-publish","hentry"],"acf":[],"yoast_head":"<!-- This site is optimized with the Yoast SEO plugin v27.5 - https:\/\/yoast.com\/product\/yoast-seo-wordpress\/ -->\n<title>Customer Reviews | The Natural Gem<\/title>\n<meta name=\"robots\" content=\"index, follow, max-snippet:-1, max-image-preview:large, max-video-preview:-1\" \/>\n<link rel=\"canonical\" href=\"https:\/\/thenaturalgem.com\/en\/kundenstimmen\/\" \/>\n<meta property=\"og:locale\" content=\"en_US\" \/>\n<meta property=\"og:type\" content=\"article\" \/>\n<meta property=\"og:title\" content=\"Customer Reviews | The Natural Gem\" \/>\n<meta property=\"og:url\" content=\"https:\/\/thenaturalgem.com\/en\/kundenstimmen\/\" \/>\n<meta property=\"og:site_name\" content=\"The Natural Gem\" \/>\n<meta property=\"article:publisher\" content=\"https:\/\/www.facebook.com\/TheNaturalGemVienna\" \/>\n<meta property=\"article:modified_time\" content=\"2021-08-27T10:46:44+00:00\" \/>\n<meta name=\"twitter:card\" content=\"summary_large_image\" \/>\n<meta name=\"twitter:site\" content=\"@thenaturalgem1\" \/>\n<meta name=\"twitter:label1\" content=\"Est. reading time\" \/>\n\t<meta name=\"twitter:data1\" content=\"1 minute\" \/>\n<script type=\"application\/ld+json\" class=\"yoast-schema-graph\">{\"@context\":\"https:\\\/\\\/schema.org\",\"@graph\":[{\"@type\":\"WebPage\",\"@id\":\"https:\\\/\\\/thenaturalgem.com\\\/en\\\/kundenstimmen\\\/\",\"url\":\"https:\\\/\\\/thenaturalgem.com\\\/en\\\/kundenstimmen\\\/\",\"name\":\"Customer Reviews | The Natural Gem\",\"isPartOf\":{\"@id\":\"https:\\\/\\\/thenaturalgem.com\\\/en\\\/#website\"},\"datePublished\":\"2021-08-06T08:47:43+00:00\",\"dateModified\":\"2021-08-27T10:46:44+00:00\",\"breadcrumb\":{\"@id\":\"https:\\\/\\\/thenaturalgem.com\\\/en\\\/kundenstimmen\\\/#breadcrumb\"},\"inLanguage\":\"en-US\",\"potentialAction\":[{\"@type\":\"ReadAction\",\"target\":[\"https:\\\/\\\/thenaturalgem.com\\\/en\\\/kundenstimmen\\\/\"]}]},{\"@type\":\"BreadcrumbList\",\"@id\":\"https:\\\/\\\/thenaturalgem.com\\\/en\\\/kundenstimmen\\\/#breadcrumb\",\"itemListElement\":[{\"@type\":\"ListItem\",\"position\":1,\"name\":\"Startseite\",\"item\":\"https:\\\/\\\/thenaturalgem.com\\\/en\\\/\"},{\"@type\":\"ListItem\",\"position\":2,\"name\":\"Customer Reviews\"}]},{\"@type\":\"WebSite\",\"@id\":\"https:\\\/\\\/thenaturalgem.com\\\/en\\\/#website\",\"url\":\"https:\\\/\\\/thenaturalgem.com\\\/en\\\/\",\"name\":\"The Natural Gem\",\"description\":\"\",\"publisher\":{\"@id\":\"https:\\\/\\\/thenaturalgem.com\\\/en\\\/#organization\"},\"alternateName\":\"The Natural Gem - Natural colored Gemstones\",\"potentialAction\":[{\"@type\":\"SearchAction\",\"target\":{\"@type\":\"EntryPoint\",\"urlTemplate\":\"https:\\\/\\\/thenaturalgem.com\\\/en\\\/?s={search_term_string}\"},\"query-input\":{\"@type\":\"PropertyValueSpecification\",\"valueRequired\":true,\"valueName\":\"search_term_string\"}}],\"inLanguage\":\"en-US\"},{\"@type\":\"Organization\",\"@id\":\"https:\\\/\\\/thenaturalgem.com\\\/en\\\/#organization\",\"name\":\"The Natural Gem\",\"alternateName\":\"TNG\",\"url\":\"https:\\\/\\\/thenaturalgem.com\\\/en\\\/\",\"logo\":{\"@type\":\"ImageObject\",\"inLanguage\":\"en-US\",\"@id\":\"https:\\\/\\\/thenaturalgem.com\\\/en\\\/#\\\/schema\\\/logo\\\/image\\\/\",\"url\":\"https:\\\/\\\/thenaturalgem.com\\\/wp-content\\\/uploads\\\/2022\\\/04\\\/logo_thenaturalgem_500.jpg\",\"contentUrl\":\"https:\\\/\\\/thenaturalgem.com\\\/wp-content\\\/uploads\\\/2022\\\/04\\\/logo_thenaturalgem_500.jpg\",\"width\":500,\"height\":353,\"caption\":\"The Natural Gem\"},\"image\":{\"@id\":\"https:\\\/\\\/thenaturalgem.com\\\/en\\\/#\\\/schema\\\/logo\\\/image\\\/\"},\"sameAs\":[\"https:\\\/\\\/www.facebook.com\\\/TheNaturalGemVienna\",\"https:\\\/\\\/x.com\\\/thenaturalgem1\"]}]}<\/script>\n<!-- \/ Yoast SEO plugin. -->","yoast_head_json":{"title":"Customer Reviews | The Natural Gem","robots":{"index":"index","follow":"follow","max-snippet":"max-snippet:-1","max-image-preview":"max-image-preview:large","max-video-preview":"max-video-preview:-1"},"canonical":"https:\/\/thenaturalgem.com\/en\/kundenstimmen\/","og_locale":"en_US","og_type":"article","og_title":"Customer Reviews | The Natural Gem","og_url":"https:\/\/thenaturalgem.com\/en\/kundenstimmen\/","og_site_name":"The Natural Gem","article_publisher":"https:\/\/www.facebook.com\/TheNaturalGemVienna","article_modified_time":"2021-08-27T10:46:44+00:00","twitter_card":"summary_large_image","twitter_site":"@thenaturalgem1","twitter_misc":{"Est. reading time":"1 minute"},"schema":{"@context":"https:\/\/schema.org","@graph":[{"@type":"WebPage","@id":"https:\/\/thenaturalgem.com\/en\/kundenstimmen\/","url":"https:\/\/thenaturalgem.com\/en\/kundenstimmen\/","name":"Customer Reviews | The Natural Gem","isPartOf":{"@id":"https:\/\/thenaturalgem.com\/en\/#website"},"datePublished":"2021-08-06T08:47:43+00:00","dateModified":"2021-08-27T10:46:44+00:00","breadcrumb":{"@id":"https:\/\/thenaturalgem.com\/en\/kundenstimmen\/#breadcrumb"},"inLanguage":"en-US","potentialAction":[{"@type":"ReadAction","target":["https:\/\/thenaturalgem.com\/en\/kundenstimmen\/"]}]},{"@type":"BreadcrumbList","@id":"https:\/\/thenaturalgem.com\/en\/kundenstimmen\/#breadcrumb","itemListElement":[{"@type":"ListItem","position":1,"name":"Startseite","item":"https:\/\/thenaturalgem.com\/en\/"},{"@type":"ListItem","position":2,"name":"Customer Reviews"}]},{"@type":"WebSite","@id":"https:\/\/thenaturalgem.com\/en\/#website","url":"https:\/\/thenaturalgem.com\/en\/","name":"The Natural Gem","description":"","publisher":{"@id":"https:\/\/thenaturalgem.com\/en\/#organization"},"alternateName":"The Natural Gem - Natural colored Gemstones","potentialAction":[{"@type":"SearchAction","target":{"@type":"EntryPoint","urlTemplate":"https:\/\/thenaturalgem.com\/en\/?s={search_term_string}"},"query-input":{"@type":"PropertyValueSpecification","valueRequired":true,"valueName":"search_term_string"}}],"inLanguage":"en-US"},{"@type":"Organization","@id":"https:\/\/thenaturalgem.com\/en\/#organization","name":"The Natural Gem","alternateName":"TNG","url":"https:\/\/thenaturalgem.com\/en\/","logo":{"@type":"ImageObject","inLanguage":"en-US","@id":"https:\/\/thenaturalgem.com\/en\/#\/schema\/logo\/image\/","url":"https:\/\/thenaturalgem.com\/wp-content\/uploads\/2022\/04\/logo_thenaturalgem_500.jpg","contentUrl":"https:\/\/thenaturalgem.com\/wp-content\/uploads\/2022\/04\/logo_thenaturalgem_500.jpg","width":500,"height":353,"caption":"The Natural Gem"},"image":{"@id":"https:\/\/thenaturalgem.com\/en\/#\/schema\/logo\/image\/"},"sameAs":["https:\/\/www.facebook.com\/TheNaturalGemVienna","https:\/\/x.com\/thenaturalgem1"]}]}},"_links":{"self":[{"href":"https:\/\/thenaturalgem.com\/en\/wp-json\/wp\/v2\/pages\/27954","targetHints":{"allow":["GET"]}}],"collection":[{"href":"https:\/\/thenaturalgem.com\/en\/wp-json\/wp\/v2\/pages"}],"about":[{"href":"https:\/\/thenaturalgem.com\/en\/wp-json\/wp\/v2\/types\/page"}],"author":[{"embeddable":true,"href":"https:\/\/thenaturalgem.com\/en\/wp-json\/wp\/v2\/users\/10"}],"replies":[{"embeddable":true,"href":"https:\/\/thenaturalgem.com\/en\/wp-json\/wp\/v2\/comments?post=27954"}],"version-history":[{"count":3,"href":"https:\/\/thenaturalgem.com\/en\/wp-json\/wp\/v2\/pages\/27954\/revisions"}],"predecessor-version":[{"id":27957,"href":"https:\/\/thenaturalgem.com\/en\/wp-json\/wp\/v2\/pages\/27954\/revisions\/27957"}],"wp:attachment":[{"href":"https:\/\/thenaturalgem.com\/en\/wp-json\/wp\/v2\/media?parent=27954"}],"curies":[{"name":"wp","href":"https:\/\/api.w.org\/{rel}","templated":true}]}}